{"id":123,"date":"2009-09-08T05:29:07","date_gmt":"2009-09-08T12:29:07","guid":{"rendered":"http:\/\/moni.emilolsson.com\/?page_id=123"},"modified":"2009-12-18T07:49:52","modified_gmt":"2009-12-18T14:49:52","slug":"kontakt","status":"publish","type":"page","link":"https:\/\/moni.se\/?page_id=123","title":{"rendered":"Kontakt"},"content":{"rendered":"<p><strong>F\u00f6rfattarframtr\u00e4danden<\/strong><span style=\"text-decoration: underline;\"><br \/>\n<\/span><a href=\"http:\/\/www.forfattarcentrum.se\/\">F\u00f6rfattarcentrum<\/a><br \/>\nTel: 08-611 58 00<\/p>\n<p><span style=\"text-decoration: underline;\"> <\/span><\/p>\n<p><strong>Brev<\/strong><br \/>\nMoni Nilsson<br \/>\nNatur &amp; Kultur<br \/>\nBox 27 323,<br \/>\n102 54 Stockholm<\/p>\n<p><strong>Meddelande till Moni<\/strong><br \/>\nhej @ moni.se<\/p>\n","protected":false},"excerpt":{"rendered":"<p>F\u00f6rfattarframtr\u00e4danden F\u00f6rfattarcentrum Tel: 08-611 58 00 Brev Moni Nilsson Natur &amp; Kultur Box 27 323, 102 54 Stockholm Meddelande till Moni hej @ moni.se<\/p>\n","protected":false},"author":1,"featured_media":0,"parent":0,"menu_order":0,"comment_status":"open","ping_status":"open","template":"","meta":{"footnotes":""},"class_list":["post-123","page","type-page","status-publish","hentry"],"_links":{"self":[{"href":"https:\/\/moni.se\/index.php?rest_route=\/wp\/v2\/pages\/123"}],"collection":[{"href":"https:\/\/moni.se\/index.php?rest_route=\/wp\/v2\/pages"}],"about":[{"href":"https:\/\/moni.se\/index.php?rest_route=\/wp\/v2\/types\/page"}],"author":[{"embeddable":true,"href":"https:\/\/moni.se\/index.php?rest_route=\/wp\/v2\/users\/1"}],"replies":[{"embeddable":true,"href":"https:\/\/moni.se\/index.php?rest_route=%2Fwp%2Fv2%2Fcomments&post=123"}],"version-history":[{"count":0,"href":"https:\/\/moni.se\/index.php?rest_route=\/wp\/v2\/pages\/123\/revisions"}],"wp:attachment":[{"href":"https:\/\/moni.se\/index.php?rest_route=%2Fwp%2Fv2%2Fmedia&parent=123"}],"curies":[{"name":"wp","href":"https:\/\/api.w.org\/{rel}","templated":true}]}}